{"id":463,"date":"2022-09-26T16:08:43","date_gmt":"2022-09-26T14:08:43","guid":{"rendered":"http:\/\/binblos.cluster030.hosting.ovh.net\/?page_id=463"},"modified":"2022-09-28T11:48:15","modified_gmt":"2022-09-28T09:48:15","slug":"evenements","status":"publish","type":"page","link":"https:\/\/blazata.com\/index.php\/evenements\/","title":{"rendered":"\u00c9V\u00c8NEMENTS"},"content":{"rendered":"\n[et_pb_section fb_built=\u00a0\u00bb1&Prime; fullwidth=\u00a0\u00bbon\u00a0\u00bb admin_label=\u00a0\u00bbHero 1&Prime; module_class=\u00a0\u00bbsfly_hero sfly_hero_1&Prime; _builder_version=\u00a0\u00bb4.18.0&Prime; background_color=\u00a0\u00bb#000000&Prime; hover_enabled=\u00a0\u00bb0&Prime; global_colors_info=\u00a0\u00bb{}\u00a0\u00bb theme_builder_area=\u00a0\u00bbpost_content\u00a0\u00bb sticky_enabled=\u00a0\u00bb0&Prime;][et_pb_fullwidth_header title=\u00a0\u00bbNos \u00e9v\u00e8nements\u00a0\u00bb text_orientation=\u00a0\u00bbcenter\u00a0\u00bb header_fullscreen=\u00a0\u00bbon\u00a0\u00bb header_scroll_down=\u00a0\u00bbon\u00a0\u00bb scroll_down_icon=\u00a0\u00bb%%1%%\u00a0\u00bb background_overlay_color=\u00a0\u00bbrgba(0,0,0,0.25)\u00a0\u00bb module_class=\u00a0\u00bbsfly_fullwidth_header\u00a0\u00bb _builder_version=\u00a0\u00bb4.18.0&Prime; title_font=\u00a0\u00bb|700|||||||\u00a0\u00bb title_font_size=\u00a0\u00bb60px\u00a0\u00bb content_font_size=\u00a0\u00bb18px\u00a0\u00bb background_image=\u00a0\u00bbhttp:\/\/blazata.com\/wp-content\/uploads\/2022\/09\/banner.png\u00a0\u00bb custom_button_one=\u00a0\u00bbon\u00a0\u00bb button_one_text_color=\u00a0\u00bb#ffffff\u00a0\u00bb button_one_bg_color=\u00a0\u00bbrgba(255,255,255,0)\u00a0\u00bb button_one_border_color=\u00a0\u00bb#ffffff\u00a0\u00bb button_one_font=\u00a0\u00bb|700|||||||\u00a0\u00bb button_one_use_icon=\u00a0\u00bboff\u00a0\u00bb custom_button_two=\u00a0\u00bbon\u00a0\u00bb button_two_font=\u00a0\u00bb|700|||||||\u00a0\u00bb button_two_use_icon=\u00a0\u00bboff\u00a0\u00bb animation_style=\u00a0\u00bbfade\u00a0\u00bb animation_duration=\u00a0\u00bb1500ms\u00a0\u00bb hover_enabled=\u00a0\u00bb0&Prime; title_font_size_tablet=\u00a0\u00bb48px\u00a0\u00bb title_font_size_phone=\u00a0\u00bb36px\u00a0\u00bb title_font_size_last_edited=\u00a0\u00bbon|phone\u00a0\u00bb custom_css_content=\u00a0\u00bbmax-width: 600px;||margin: 0 auto 15px;\u00a0\u00bb button_one_text_color_hover=\u00a0\u00bb#ffffff\u00a0\u00bb button_two_text_color_hover=\u00a0\u00bb#ffffff\u00a0\u00bb button_one_border_color_hover=\u00a0\u00bb#000000&Prime; button_two_border_color_hover=\u00a0\u00bb#ffffff\u00a0\u00bb button_one_bg_color_hover=\u00a0\u00bb#000000&Prime; button_two_bg_color_hover=\u00a0\u00bbrgba(0,0,0,0)\u00a0\u00bb global_colors_info=\u00a0\u00bb{}\u00a0\u00bb button_one_text_size__hover_enabled=\u00a0\u00bboff\u00a0\u00bb button_two_text_size__hover_enabled=\u00a0\u00bboff\u00a0\u00bb button_one_text_color__hover_enabled=\u00a0\u00bbon\u00a0\u00bb button_one_text_color__hover=\u00a0\u00bb#ffffff\u00a0\u00bb button_two_text_color__hover_enabled=\u00a0\u00bbon\u00a0\u00bb button_two_text_color__hover=\u00a0\u00bb#ffffff\u00a0\u00bb button_one_border_width__hover_enabled=\u00a0\u00bboff\u00a0\u00bb button_two_border_width__hover_enabled=\u00a0\u00bboff\u00a0\u00bb button_one_border_color__hover_enabled=\u00a0\u00bbon\u00a0\u00bb button_one_border_color__hover=\u00a0\u00bb#000000&Prime; button_two_border_color__hover_enabled=\u00a0\u00bbon\u00a0\u00bb button_two_border_color__hover=\u00a0\u00bb#ffffff\u00a0\u00bb button_one_border_radius__hover_enabled=\u00a0\u00bboff\u00a0\u00bb button_two_border_radius__hover_enabled=\u00a0\u00bboff\u00a0\u00bb button_one_letter_spacing__hover_enabled=\u00a0\u00bboff\u00a0\u00bb button_two_letter_spacing__hover_enabled=\u00a0\u00bboff\u00a0\u00bb button_one_bg_color__hover_enabled=\u00a0\u00bbon\u00a0\u00bb button_one_bg_color__hover=\u00a0\u00bb#000000&Prime; button_two_bg_color__hover_enabled=\u00a0\u00bbon\u00a0\u00bb button_two_bg_color__hover=\u00a0\u00bbrgba(0,0,0,0)\u00a0\u00bb theme_builder_area=\u00a0\u00bbpost_content\u00a0\u00bb button_two_text__hover_enabled=\u00a0\u00bbon|desktop\u00a0\u00bb sticky_enabled=\u00a0\u00bb0&Prime; title_text=\u00a0\u00bbbanner\u00a0\u00bb background_enable_color=\u00a0\u00bboff\u00a0\u00bb admin_label=\u00a0\u00bbEn-t\u00eate plein \u00e9cran\u00a0\u00bb subhead=\u00a0\u00bbRetrouvez les derniers \u00e9v\u00e8nements de notre restaurant Blazata Agen\u00a0\u00bb]\n[\/et_pb_fullwidth_header][\/et_pb_section][et_pb_section fb_built=\u00a0\u00bb1&Prime; theme_builder_area=\u00a0\u00bbpost_content\u00a0\u00bb _builder_version=\u00a0\u00bb4.18.0&Prime; _module_preset=\u00a0\u00bbdefault\u00a0\u00bb][et_pb_row _builder_version=\u00a0\u00bb4.18.0&Prime; _module_preset=\u00a0\u00bbdefault\u00a0\u00bb theme_builder_area=\u00a0\u00bbpost_content\u00a0\u00bb][et_pb_column _builder_version=\u00a0\u00bb4.18.0&Prime; _module_preset=\u00a0\u00bbdefault\u00a0\u00bb type=\u00a0\u00bb4_4&Prime; theme_builder_area=\u00a0\u00bbpost_content\u00a0\u00bb][et_pb_blog _builder_version=\u00a0\u00bb4.18.0&Prime; _module_preset=\u00a0\u00bbdefault\u00a0\u00bb theme_builder_area=\u00a0\u00bbpost_content\u00a0\u00bb fullwidth=\u00a0\u00bboff\u00a0\u00bb hover_enabled=\u00a0\u00bb0&Prime; sticky_enabled=\u00a0\u00bb0&Prime;][\/et_pb_blog][\/et_pb_column][\/et_pb_row][\/et_pb_section]\n","protected":false},"excerpt":{"rendered":"","protected":false},"author":1,"featured_media":0,"parent":0,"menu_order":0,"comment_status":"closed","ping_status":"closed","template":"","meta":{"_et_pb_use_builder":"on","_et_pb_old_content":"","_et_gb_content_width":"","footnotes":""},"class_list":["post-463","page","type-page","status-publish","hentry"],"yoast_head":"<!-- This site is optimized with the Yoast SEO plugin v27.5 - https:\/\/yoast.com\/product\/yoast-seo-wordpress\/ -->\n<title>\u00c9V\u00c8NEMENTS - Blazata<\/title>\n<meta name=\"description\" content=\"Retrouvez les derniers \u00e9v\u00e8nements de notre restaurant Blazata Agen.\" \/>\n<meta name=\"robots\" content=\"index, follow, max-snippet:-1, max-image-preview:large, max-video-preview:-1\" \/>\n<link rel=\"canonical\" href=\"https:\/\/blazata.com\/index.php\/evenements\/\" \/>\n<meta property=\"og:locale\" content=\"fr_FR\" \/>\n<meta property=\"og:type\" content=\"article\" \/>\n<meta property=\"og:title\" content=\"\u00c9V\u00c8NEMENTS - Blazata\" \/>\n<meta property=\"og:description\" content=\"Retrouvez les derniers \u00e9v\u00e8nements de notre restaurant Blazata Agen.\" \/>\n<meta property=\"og:url\" content=\"https:\/\/blazata.com\/index.php\/evenements\/\" \/>\n<meta property=\"og:site_name\" content=\"Blazata\" \/>\n<meta property=\"article:modified_time\" content=\"2022-09-28T09:48:15+00:00\" \/>\n<meta name=\"twitter:card\" content=\"summary_large_image\" \/>\n<meta name=\"twitter:label1\" content=\"Dur\u00e9e de lecture estim\u00e9e\" \/>\n\t<meta name=\"twitter:data1\" content=\"1 minute\" \/>\n<script type=\"application\/ld+json\" class=\"yoast-schema-graph\">{\"@context\":\"https:\\\/\\\/schema.org\",\"@graph\":[{\"@type\":\"WebPage\",\"@id\":\"https:\\\/\\\/blazata.com\\\/index.php\\\/evenements\\\/\",\"url\":\"https:\\\/\\\/blazata.com\\\/index.php\\\/evenements\\\/\",\"name\":\"\u00c9V\u00c8NEMENTS - Blazata\",\"isPartOf\":{\"@id\":\"https:\\\/\\\/blazata.com\\\/#website\"},\"datePublished\":\"2022-09-26T14:08:43+00:00\",\"dateModified\":\"2022-09-28T09:48:15+00:00\",\"description\":\"Retrouvez les derniers \u00e9v\u00e8nements de notre restaurant Blazata Agen.\",\"breadcrumb\":{\"@id\":\"https:\\\/\\\/blazata.com\\\/index.php\\\/evenements\\\/#breadcrumb\"},\"inLanguage\":\"fr-FR\",\"potentialAction\":[{\"@type\":\"ReadAction\",\"target\":[\"https:\\\/\\\/blazata.com\\\/index.php\\\/evenements\\\/\"]}]},{\"@type\":\"BreadcrumbList\",\"@id\":\"https:\\\/\\\/blazata.com\\\/index.php\\\/evenements\\\/#breadcrumb\",\"itemListElement\":[{\"@type\":\"ListItem\",\"position\":1,\"name\":\"Accueil\",\"item\":\"https:\\\/\\\/blazata.com\\\/\"},{\"@type\":\"ListItem\",\"position\":2,\"name\":\"\u00c9V\u00c8NEMENTS\"}]},{\"@type\":\"WebSite\",\"@id\":\"https:\\\/\\\/blazata.com\\\/#website\",\"url\":\"https:\\\/\\\/blazata.com\\\/\",\"name\":\"Blazata\",\"description\":\"Restaurant\",\"publisher\":{\"@id\":\"https:\\\/\\\/blazata.com\\\/#organization\"},\"potentialAction\":[{\"@type\":\"SearchAction\",\"target\":{\"@type\":\"EntryPoint\",\"urlTemplate\":\"https:\\\/\\\/blazata.com\\\/?s={search_term_string}\"},\"query-input\":{\"@type\":\"PropertyValueSpecification\",\"valueRequired\":true,\"valueName\":\"search_term_string\"}}],\"inLanguage\":\"fr-FR\"},{\"@type\":\"Organization\",\"@id\":\"https:\\\/\\\/blazata.com\\\/#organization\",\"name\":\"Blazata\",\"alternateName\":\"Blazata\",\"url\":\"https:\\\/\\\/blazata.com\\\/\",\"logo\":{\"@type\":\"ImageObject\",\"inLanguage\":\"fr-FR\",\"@id\":\"https:\\\/\\\/blazata.com\\\/#\\\/schema\\\/logo\\\/image\\\/\",\"url\":\"https:\\\/\\\/blazata.com\\\/wp-content\\\/uploads\\\/2022\\\/09\\\/Logo-Blazata-6.png\",\"contentUrl\":\"https:\\\/\\\/blazata.com\\\/wp-content\\\/uploads\\\/2022\\\/09\\\/Logo-Blazata-6.png\",\"width\":1000,\"height\":1000,\"caption\":\"Blazata\"},\"image\":{\"@id\":\"https:\\\/\\\/blazata.com\\\/#\\\/schema\\\/logo\\\/image\\\/\"}}]}<\/script>\n<!-- \/ Yoast SEO plugin. -->","yoast_head_json":{"title":"\u00c9V\u00c8NEMENTS - Blazata","description":"Retrouvez les derniers \u00e9v\u00e8nements de notre restaurant Blazata Agen.","robots":{"index":"index","follow":"follow","max-snippet":"max-snippet:-1","max-image-preview":"max-image-preview:large","max-video-preview":"max-video-preview:-1"},"canonical":"https:\/\/blazata.com\/index.php\/evenements\/","og_locale":"fr_FR","og_type":"article","og_title":"\u00c9V\u00c8NEMENTS - Blazata","og_description":"Retrouvez les derniers \u00e9v\u00e8nements de notre restaurant Blazata Agen.","og_url":"https:\/\/blazata.com\/index.php\/evenements\/","og_site_name":"Blazata","article_modified_time":"2022-09-28T09:48:15+00:00","twitter_card":"summary_large_image","twitter_misc":{"Dur\u00e9e de lecture estim\u00e9e":"1 minute"},"schema":{"@context":"https:\/\/schema.org","@graph":[{"@type":"WebPage","@id":"https:\/\/blazata.com\/index.php\/evenements\/","url":"https:\/\/blazata.com\/index.php\/evenements\/","name":"\u00c9V\u00c8NEMENTS - Blazata","isPartOf":{"@id":"https:\/\/blazata.com\/#website"},"datePublished":"2022-09-26T14:08:43+00:00","dateModified":"2022-09-28T09:48:15+00:00","description":"Retrouvez les derniers \u00e9v\u00e8nements de notre restaurant Blazata Agen.","breadcrumb":{"@id":"https:\/\/blazata.com\/index.php\/evenements\/#breadcrumb"},"inLanguage":"fr-FR","potentialAction":[{"@type":"ReadAction","target":["https:\/\/blazata.com\/index.php\/evenements\/"]}]},{"@type":"BreadcrumbList","@id":"https:\/\/blazata.com\/index.php\/evenements\/#breadcrumb","itemListElement":[{"@type":"ListItem","position":1,"name":"Accueil","item":"https:\/\/blazata.com\/"},{"@type":"ListItem","position":2,"name":"\u00c9V\u00c8NEMENTS"}]},{"@type":"WebSite","@id":"https:\/\/blazata.com\/#website","url":"https:\/\/blazata.com\/","name":"Blazata","description":"Restaurant","publisher":{"@id":"https:\/\/blazata.com\/#organization"},"potentialAction":[{"@type":"SearchAction","target":{"@type":"EntryPoint","urlTemplate":"https:\/\/blazata.com\/?s={search_term_string}"},"query-input":{"@type":"PropertyValueSpecification","valueRequired":true,"valueName":"search_term_string"}}],"inLanguage":"fr-FR"},{"@type":"Organization","@id":"https:\/\/blazata.com\/#organization","name":"Blazata","alternateName":"Blazata","url":"https:\/\/blazata.com\/","logo":{"@type":"ImageObject","inLanguage":"fr-FR","@id":"https:\/\/blazata.com\/#\/schema\/logo\/image\/","url":"https:\/\/blazata.com\/wp-content\/uploads\/2022\/09\/Logo-Blazata-6.png","contentUrl":"https:\/\/blazata.com\/wp-content\/uploads\/2022\/09\/Logo-Blazata-6.png","width":1000,"height":1000,"caption":"Blazata"},"image":{"@id":"https:\/\/blazata.com\/#\/schema\/logo\/image\/"}}]}},"jetpack_sharing_enabled":true,"_links":{"self":[{"href":"https:\/\/blazata.com\/index.php\/wp-json\/wp\/v2\/pages\/463","targetHints":{"allow":["GET"]}}],"collection":[{"href":"https:\/\/blazata.com\/index.php\/wp-json\/wp\/v2\/pages"}],"about":[{"href":"https:\/\/blazata.com\/index.php\/wp-json\/wp\/v2\/types\/page"}],"author":[{"embeddable":true,"href":"https:\/\/blazata.com\/index.php\/wp-json\/wp\/v2\/users\/1"}],"replies":[{"embeddable":true,"href":"https:\/\/blazata.com\/index.php\/wp-json\/wp\/v2\/comments?post=463"}],"version-history":[{"count":4,"href":"https:\/\/blazata.com\/index.php\/wp-json\/wp\/v2\/pages\/463\/revisions"}],"predecessor-version":[{"id":505,"href":"https:\/\/blazata.com\/index.php\/wp-json\/wp\/v2\/pages\/463\/revisions\/505"}],"wp:attachment":[{"href":"https:\/\/blazata.com\/index.php\/wp-json\/wp\/v2\/media?parent=463"}],"curies":[{"name":"wp","href":"https:\/\/api.w.org\/{rel}","templated":true}]}}